{"id":4299,"date":"2022-07-12T08:20:04","date_gmt":"2022-07-12T06:20:04","guid":{"rendered":"http:\/\/23110.web.zcom.it\/novita\/"},"modified":"2022-08-09T09:29:10","modified_gmt":"2022-08-09T07:29:10","slug":"novita","status":"publish","type":"page","link":"https:\/\/fischerteich.com\/it\/novita\/","title":{"rendered":"News"},"content":{"rendered":"\t\t<div data-elementor-type=\"wp-page\" data-elementor-id=\"4299\" class=\"elementor elementor-4299 elementor-2172\">\n\t\t\t\t\t\t<section class=\"elementor-section elementor-top-section elementor-element elementor-element-78236e1 elementor-section-stretched elementor-section-content-middle elementor-section-boxed elementor-section-height-default elementor-section-height-default\" data-id=\"78236e1\" data-element_type=\"section\" data-settings=\"{&quot;stretch_section&quot;:&quot;section-stretched&quot;,&quot;background_background&quot;:&quot;classic&quot;}\">\n\t\t\t\t\t\t<div class=\"elementor-container elementor-column-gap-no\">\n\t\t\t\t\t<div class=\"elementor-column elementor-col-100 elementor-top-column elementor-element elementor-element-ad7fd54\" data-id=\"ad7fd54\" data-element_type=\"column\">\n\t\t\t<div class=\"elementor-widget-wrap elementor-element-populated\">\n\t\t\t\t\t\t<div class=\"elementor-element elementor-element-a943f2f elementor-widget elementor-widget-heading\" data-id=\"a943f2f\" data-element_type=\"widget\" data-widget_type=\"heading.default\">\n\t\t\t\t<div class=\"elementor-widget-container\">\n\t\t\t<style>\/*! elementor - v3.19.0 - 28-02-2024 *\/\n.elementor-heading-title{padding:0;margin:0;line-height:1}.elementor-widget-heading .elementor-heading-title[class*=elementor-size-]>a{color:inherit;font-size:inherit;line-height:inherit}.elementor-widget-heading .elementor-heading-title.elementor-size-small{font-size:15px}.elementor-widget-heading .elementor-heading-title.elementor-size-medium{font-size:19px}.elementor-widget-heading .elementor-heading-title.elementor-size-large{font-size:29px}.elementor-widget-heading .elementor-heading-title.elementor-size-xl{font-size:39px}.elementor-widget-heading .elementor-heading-title.elementor-size-xxl{font-size:59px}<\/style><p class=\"elementor-heading-title elementor-size-default\">News<\/p>\t\t<\/div>\n\t\t\t\t<\/div>\n\t\t\t\t<div class=\"elementor-element elementor-element-011ec80 elementor-widget elementor-widget-heading\" data-id=\"011ec80\" data-element_type=\"widget\" data-widget_type=\"heading.default\">\n\t\t\t\t<div class=\"elementor-widget-container\">\n\t\t\t<h1 class=\"elementor-heading-title elementor-size-default\">Novit\u00e0 &amp; <br>informazioni aggiornate<\/h1>\t\t<\/div>\n\t\t\t\t<\/div>\n\t\t\t\t<div class=\"elementor-element elementor-element-805dce5 elementor-view-default elementor-widget elementor-widget-icon\" data-id=\"805dce5\" data-element_type=\"widget\" data-widget_type=\"icon.default\">\n\t\t\t\t<div class=\"elementor-widget-container\">\n\t\t\t\t\t<div class=\"elementor-icon-wrapper\">\n\t\t\t<div class=\"elementor-icon\">\n\t\t\t<i aria-hidden=\"true\" class=\"winwood-icon- winwood-icon-title-decor\"><\/i>\t\t\t<\/div>\n\t\t<\/div>\n\t\t\t\t<\/div>\n\t\t\t\t<\/div>\n\t\t\t\t<div class=\"elementor-element elementor-element-696e1d8 elementor-widget elementor-widget-heading\" data-id=\"696e1d8\" data-element_type=\"widget\" data-widget_type=\"heading.default\">\n\t\t\t\t<div class=\"elementor-widget-container\">\n\t\t\t<h2 class=\"elementor-heading-title elementor-size-default\">Qui trovate tutte le novit\u00e0 e le informazioni importanti riguardo al nostro centro di pesca sportiva su lago.<\/h2>\t\t<\/div>\n\t\t\t\t<\/div>\n\t\t\t\t<div class=\"elementor-element elementor-element-25d3300 elementor-widget elementor-widget-winwood-post-grid\" data-id=\"25d3300\" data-element_type=\"widget\" data-widget_type=\"winwood-post-grid.default\">\n\t\t\t\t<div class=\"elementor-widget-container\">\n\t\t\t        <div class=\"elementor-post-wrapper post-style-1\">\n            <div class=\"row\" data-elementor-columns=\"3\" data-elementor-columns-tablet=\"1\" data-elementor-columns-mobile=\"1\">\n\n                <div class=\"column-item\">\n\t<div class=\"post-inner\">\n\t\t\t\t\t<div class=\"post-thumbnail\">\n\t\t\t\t<a href=\"https:\/\/fischerteich.com\/it\/comunicazione\/\">\n\t\t\t\t\t<img fetchpriority=\"high\" decoding=\"async\" width=\"500\" height=\"330\" src=\"https:\/\/fischerteich.com\/wp-content\/uploads\/2020\/03\/fischerteich-prad-01-500x330.jpg\" class=\"attachment-winwood-post-grid size-winwood-post-grid wp-post-image\" alt=\"\" \/>\t\t\t\t<\/a>\n\t\t\t<\/div><!-- .post-thumbnail -->\n\n\t\t\t\t<div class=\"entry-header\">\n\t\t\t<div class=\"entry-meta\">\n\t\t\t\t<span class=\"categories-link\"><span class=\"screen-reader-text\">Categories<\/span><a href=\"https:\/\/fischerteich.com\/it\/category\/non-categorizzato\/\" rel=\"category tag\">Non categorizzato<\/a><\/span><span class=\"posted-on\"><a href=\"https:\/\/fischerteich.com\/it\/comunicazione\/\" rel=\"bookmark\"><time class=\"entry-date published\" datetime=\"2026-02-11T13:32:00+01:00\">11 Febbraio 2026<\/time><time class=\"updated\" datetime=\"2026-02-12T08:49:35+01:00\">12 Febbraio 2026<\/time><\/a><\/span> <span class=\"post-author\">by <a href=\"https:\/\/fischerteich.com\/it\/author\/opc_mra\/\" rel=\"author\">opc_mra<\/a><\/span>\t\t\t<\/div>\n\t\t\t<h3 class=\"entry-title\"><a href=\"https:\/\/fischerteich.com\/it\/comunicazione\/\" rel=\"bookmark\">Apertura stagione 2026<\/a><\/h3>\t\t<\/div>\n\t\t<div class=\"entry-content\">\n\t\t\t<p>Dal 28 marzo 2026 vi diamo nuovamente il nostro pi\u00f9 cordiale benvenuto!L\u2019Associazione Sportiva Pesca di Prato allo Stelvio e il&hellip;<\/p>\n\t\t\t<a href=\"https:\/\/fischerteich.com\/it\/comunicazione\/\">Leggi di pi\u00f9<\/a>\n\t\t<\/div>\n\t<\/div>\n<\/div>\n<div class=\"column-item\">\n\t<div class=\"post-inner\">\n\t\t\t\t\t<div class=\"post-thumbnail\">\n\t\t\t\t<a href=\"https:\/\/fischerteich.com\/it\/pescatore-esultante\/\">\n\t\t\t\t\t<img decoding=\"async\" width=\"500\" height=\"330\" src=\"https:\/\/fischerteich.com\/wp-content\/uploads\/2020\/03\/fischer-01-500x330.jpg\" class=\"attachment-winwood-post-grid size-winwood-post-grid wp-post-image\" alt=\"\" \/>\t\t\t\t<\/a>\n\t\t\t<\/div><!-- .post-thumbnail -->\n\n\t\t\t\t<div class=\"entry-header\">\n\t\t\t<div class=\"entry-meta\">\n\t\t\t\t<span class=\"categories-link\"><span class=\"screen-reader-text\">Categories<\/span><a href=\"https:\/\/fischerteich.com\/it\/category\/non-categorizzato\/\" rel=\"category tag\">Non categorizzato<\/a><\/span><span class=\"posted-on\"><a href=\"https:\/\/fischerteich.com\/it\/pescatore-esultante\/\" rel=\"bookmark\"><time class=\"entry-date published\" datetime=\"2015-08-06T13:29:27+02:00\">6 Agosto 2015<\/time><time class=\"updated\" datetime=\"2024-03-07T16:12:12+01:00\">7 Marzo 2024<\/time><\/a><\/span> <span class=\"post-author\">by <a href=\"https:\/\/fischerteich.com\/it\/author\/opc_mra\/\" rel=\"author\">opc_mra<\/a><\/span>\t\t\t<\/div>\n\t\t\t<h3 class=\"entry-title\"><a href=\"https:\/\/fischerteich.com\/it\/pescatore-esultante\/\" rel=\"bookmark\">Pescatore esultante<\/a><\/h3>\t\t<\/div>\n\t\t<div class=\"entry-content\">\n\t\t\t<p>\u2026. e la leggenda \u00e8 vera. Oggi un pescatore \u00e8 stato molto fortunato, un pesce enorme ha abboccato e lui&hellip;<\/p>\n\t\t\t<a href=\"https:\/\/fischerteich.com\/it\/pescatore-esultante\/\">Leggi di pi\u00f9<\/a>\n\t\t<\/div>\n\t<\/div>\n<\/div>\n            <\/div>\n\n                    <\/div>\n        \t\t<\/div>\n\t\t\t\t<\/div>\n\t\t\t\t\t<\/div>\n\t\t<\/div>\n\t\t\t\t\t<\/div>\n\t\t<\/section>\n\t\t\t\t<\/div>\n\t\t","protected":false},"excerpt":{"rendered":"<p>News Novit\u00e0 &amp; informazioni aggiornate Qui trovate tutte le novit\u00e0 e le informazioni importanti riguardo al nostro centro di pesca sportiva su lago. CategoriesUnkategorisiert1. Januar 202218. Juli 2022 by opc_mra Mitteilung f\u00fcr 2022 Die Fischerteiche in Prad sind seit Freitag, den 01. April 2022 ge\u00f6ffnet.Die \u00d6ffnungszeit ist t\u00e4glich von 06:00 Uhr bis 21:00\u2026 Weiterlesen CategoriesUnkategorisiert6. [&hellip;]<\/p>\n","protected":false},"author":1,"featured_media":3346,"parent":0,"menu_order":0,"comment_status":"closed","ping_status":"closed","template":"","meta":{"inline_featured_image":false,"footnotes":""},"yoast_head":"<!-- This site is optimized with the Yoast SEO plugin v23.5 - https:\/\/yoast.com\/wordpress\/plugins\/seo\/ -->\n<title>Tutte le novit\u00e0 &amp; le info del laghetto di pesca di Prato | Alto Adige<\/title>\n<meta name=\"description\" content=\"Sempre aggiornati - novit\u00e0 e informazioni importanti per pescatori, cannisti e visitatori del laghetto di pesca altoatesino di Prato allo Stelvio.\" \/>\n<meta name=\"robots\" content=\"index, follow, max-snippet:-1, max-image-preview:large, max-video-preview:-1\" \/>\n<link rel=\"canonical\" href=\"https:\/\/fischerteich.com\/it\/novita\/\" \/>\n<meta property=\"og:locale\" content=\"it_IT\" \/>\n<meta property=\"og:type\" content=\"article\" \/>\n<meta property=\"og:title\" content=\"Tutte le novit\u00e0 &amp; le info del laghetto di pesca di Prato | Alto Adige\" \/>\n<meta property=\"og:description\" content=\"Sempre aggiornati - novit\u00e0 e informazioni importanti per pescatori, cannisti e visitatori del laghetto di pesca altoatesino di Prato allo Stelvio.\" \/>\n<meta property=\"og:url\" content=\"https:\/\/fischerteich.com\/it\/novita\/\" \/>\n<meta property=\"og:site_name\" content=\"Fischerverein Prad am Stilfserjoch\" \/>\n<meta property=\"article:modified_time\" content=\"2022-08-09T07:29:10+00:00\" \/>\n<meta property=\"og:image\" content=\"https:\/\/23027.web.zcom.it\/wp-content\/uploads\/2020\/03\/angeln-scaled.jpg\" \/>\n\t<meta property=\"og:image:width\" content=\"2560\" \/>\n\t<meta property=\"og:image:height\" content=\"1440\" \/>\n\t<meta property=\"og:image:type\" content=\"image\/jpeg\" \/>\n<meta name=\"twitter:card\" content=\"summary_large_image\" \/>\n<meta name=\"twitter:label1\" content=\"Tempo di lettura stimato\" \/>\n\t<meta name=\"twitter:data1\" content=\"1 minuto\" \/>\n<script type=\"application\/ld+json\" class=\"yoast-schema-graph\">{\"@context\":\"https:\/\/schema.org\",\"@graph\":[{\"@type\":\"WebPage\",\"@id\":\"https:\/\/fischerteich.com\/it\/novita\/\",\"url\":\"https:\/\/fischerteich.com\/it\/novita\/\",\"name\":\"Tutte le novit\u00e0 & le info del laghetto di pesca di Prato | Alto Adige\",\"isPartOf\":{\"@id\":\"https:\/\/fischerteich.com\/it\/#website\"},\"primaryImageOfPage\":{\"@id\":\"https:\/\/fischerteich.com\/it\/novita\/#primaryimage\"},\"image\":{\"@id\":\"https:\/\/fischerteich.com\/it\/novita\/#primaryimage\"},\"thumbnailUrl\":\"https:\/\/fischerteich.com\/wp-content\/uploads\/2020\/03\/angeln-scaled.jpg\",\"datePublished\":\"2022-07-12T06:20:04+00:00\",\"dateModified\":\"2022-08-09T07:29:10+00:00\",\"description\":\"Sempre aggiornati - novit\u00e0 e informazioni importanti per pescatori, cannisti e visitatori del laghetto di pesca altoatesino di Prato allo Stelvio.\",\"breadcrumb\":{\"@id\":\"https:\/\/fischerteich.com\/it\/novita\/#breadcrumb\"},\"inLanguage\":\"it-IT\",\"potentialAction\":[{\"@type\":\"ReadAction\",\"target\":[\"https:\/\/fischerteich.com\/it\/novita\/\"]}]},{\"@type\":\"ImageObject\",\"inLanguage\":\"it-IT\",\"@id\":\"https:\/\/fischerteich.com\/it\/novita\/#primaryimage\",\"url\":\"https:\/\/fischerteich.com\/wp-content\/uploads\/2020\/03\/angeln-scaled.jpg\",\"contentUrl\":\"https:\/\/fischerteich.com\/wp-content\/uploads\/2020\/03\/angeln-scaled.jpg\",\"width\":2560,\"height\":1440},{\"@type\":\"BreadcrumbList\",\"@id\":\"https:\/\/fischerteich.com\/it\/novita\/#breadcrumb\",\"itemListElement\":[{\"@type\":\"ListItem\",\"position\":1,\"name\":\"Startseite\",\"item\":\"https:\/\/fischerteich.com\/it\/\"},{\"@type\":\"ListItem\",\"position\":2,\"name\":\"News\"}]},{\"@type\":\"WebSite\",\"@id\":\"https:\/\/fischerteich.com\/it\/#website\",\"url\":\"https:\/\/fischerteich.com\/it\/\",\"name\":\"Fischerverein Prad am Stilfserjoch\",\"description\":\"Sportfischerverein\",\"publisher\":{\"@id\":\"https:\/\/fischerteich.com\/it\/#organization\"},\"potentialAction\":[{\"@type\":\"SearchAction\",\"target\":{\"@type\":\"EntryPoint\",\"urlTemplate\":\"https:\/\/fischerteich.com\/it\/?s={search_term_string}\"},\"query-input\":{\"@type\":\"PropertyValueSpecification\",\"valueRequired\":true,\"valueName\":\"search_term_string\"}}],\"inLanguage\":\"it-IT\"},{\"@type\":\"Organization\",\"@id\":\"https:\/\/fischerteich.com\/it\/#organization\",\"name\":\"Fischerverein Prad am Stilfserjoch\",\"url\":\"https:\/\/fischerteich.com\/it\/\",\"logo\":{\"@type\":\"ImageObject\",\"inLanguage\":\"it-IT\",\"@id\":\"https:\/\/fischerteich.com\/it\/#\/schema\/logo\/image\/\",\"url\":\"https:\/\/fischerteich.com\/wp-content\/uploads\/2020\/03\/fischerverein-prad-logo.svg\",\"contentUrl\":\"https:\/\/fischerteich.com\/wp-content\/uploads\/2020\/03\/fischerverein-prad-logo.svg\",\"width\":225,\"height\":107,\"caption\":\"Fischerverein Prad am Stilfserjoch\"},\"image\":{\"@id\":\"https:\/\/fischerteich.com\/it\/#\/schema\/logo\/image\/\"}}]}<\/script>\n<!-- \/ Yoast SEO plugin. -->","yoast_head_json":{"title":"Tutte le novit\u00e0 & le info del laghetto di pesca di Prato | Alto Adige","description":"Sempre aggiornati - novit\u00e0 e informazioni importanti per pescatori, cannisti e visitatori del laghetto di pesca altoatesino di Prato allo Stelvio.","robots":{"index":"index","follow":"follow","max-snippet":"max-snippet:-1","max-image-preview":"max-image-preview:large","max-video-preview":"max-video-preview:-1"},"canonical":"https:\/\/fischerteich.com\/it\/novita\/","og_locale":"it_IT","og_type":"article","og_title":"Tutte le novit\u00e0 & le info del laghetto di pesca di Prato | Alto Adige","og_description":"Sempre aggiornati - novit\u00e0 e informazioni importanti per pescatori, cannisti e visitatori del laghetto di pesca altoatesino di Prato allo Stelvio.","og_url":"https:\/\/fischerteich.com\/it\/novita\/","og_site_name":"Fischerverein Prad am Stilfserjoch","article_modified_time":"2022-08-09T07:29:10+00:00","og_image":[{"width":2560,"height":1440,"url":"https:\/\/23027.web.zcom.it\/wp-content\/uploads\/2020\/03\/angeln-scaled.jpg","type":"image\/jpeg"}],"twitter_card":"summary_large_image","twitter_misc":{"Tempo di lettura stimato":"1 minuto"},"schema":{"@context":"https:\/\/schema.org","@graph":[{"@type":"WebPage","@id":"https:\/\/fischerteich.com\/it\/novita\/","url":"https:\/\/fischerteich.com\/it\/novita\/","name":"Tutte le novit\u00e0 & le info del laghetto di pesca di Prato | Alto Adige","isPartOf":{"@id":"https:\/\/fischerteich.com\/it\/#website"},"primaryImageOfPage":{"@id":"https:\/\/fischerteich.com\/it\/novita\/#primaryimage"},"image":{"@id":"https:\/\/fischerteich.com\/it\/novita\/#primaryimage"},"thumbnailUrl":"https:\/\/fischerteich.com\/wp-content\/uploads\/2020\/03\/angeln-scaled.jpg","datePublished":"2022-07-12T06:20:04+00:00","dateModified":"2022-08-09T07:29:10+00:00","description":"Sempre aggiornati - novit\u00e0 e informazioni importanti per pescatori, cannisti e visitatori del laghetto di pesca altoatesino di Prato allo Stelvio.","breadcrumb":{"@id":"https:\/\/fischerteich.com\/it\/novita\/#breadcrumb"},"inLanguage":"it-IT","potentialAction":[{"@type":"ReadAction","target":["https:\/\/fischerteich.com\/it\/novita\/"]}]},{"@type":"ImageObject","inLanguage":"it-IT","@id":"https:\/\/fischerteich.com\/it\/novita\/#primaryimage","url":"https:\/\/fischerteich.com\/wp-content\/uploads\/2020\/03\/angeln-scaled.jpg","contentUrl":"https:\/\/fischerteich.com\/wp-content\/uploads\/2020\/03\/angeln-scaled.jpg","width":2560,"height":1440},{"@type":"BreadcrumbList","@id":"https:\/\/fischerteich.com\/it\/novita\/#breadcrumb","itemListElement":[{"@type":"ListItem","position":1,"name":"Startseite","item":"https:\/\/fischerteich.com\/it\/"},{"@type":"ListItem","position":2,"name":"News"}]},{"@type":"WebSite","@id":"https:\/\/fischerteich.com\/it\/#website","url":"https:\/\/fischerteich.com\/it\/","name":"Fischerverein Prad am Stilfserjoch","description":"Sportfischerverein","publisher":{"@id":"https:\/\/fischerteich.com\/it\/#organization"},"potentialAction":[{"@type":"SearchAction","target":{"@type":"EntryPoint","urlTemplate":"https:\/\/fischerteich.com\/it\/?s={search_term_string}"},"query-input":{"@type":"PropertyValueSpecification","valueRequired":true,"valueName":"search_term_string"}}],"inLanguage":"it-IT"},{"@type":"Organization","@id":"https:\/\/fischerteich.com\/it\/#organization","name":"Fischerverein Prad am Stilfserjoch","url":"https:\/\/fischerteich.com\/it\/","logo":{"@type":"ImageObject","inLanguage":"it-IT","@id":"https:\/\/fischerteich.com\/it\/#\/schema\/logo\/image\/","url":"https:\/\/fischerteich.com\/wp-content\/uploads\/2020\/03\/fischerverein-prad-logo.svg","contentUrl":"https:\/\/fischerteich.com\/wp-content\/uploads\/2020\/03\/fischerverein-prad-logo.svg","width":225,"height":107,"caption":"Fischerverein Prad am Stilfserjoch"},"image":{"@id":"https:\/\/fischerteich.com\/it\/#\/schema\/logo\/image\/"}}]}},"_links":{"self":[{"href":"https:\/\/fischerteich.com\/it\/wp-json\/wp\/v2\/pages\/4299"}],"collection":[{"href":"https:\/\/fischerteich.com\/it\/wp-json\/wp\/v2\/pages"}],"about":[{"href":"https:\/\/fischerteich.com\/it\/wp-json\/wp\/v2\/types\/page"}],"author":[{"embeddable":true,"href":"https:\/\/fischerteich.com\/it\/wp-json\/wp\/v2\/users\/1"}],"replies":[{"embeddable":true,"href":"https:\/\/fischerteich.com\/it\/wp-json\/wp\/v2\/comments?post=4299"}],"version-history":[{"count":2,"href":"https:\/\/fischerteich.com\/it\/wp-json\/wp\/v2\/pages\/4299\/revisions"}],"predecessor-version":[{"id":4301,"href":"https:\/\/fischerteich.com\/it\/wp-json\/wp\/v2\/pages\/4299\/revisions\/4301"}],"wp:featuredmedia":[{"embeddable":true,"href":"https:\/\/fischerteich.com\/it\/wp-json\/wp\/v2\/media\/3346"}],"wp:attachment":[{"href":"https:\/\/fischerteich.com\/it\/wp-json\/wp\/v2\/media?parent=4299"}],"curies":[{"name":"wp","href":"https:\/\/api.w.org\/{rel}","templated":true}]}}